{"id":30,"date":"2020-03-02T08:32:09","date_gmt":"2020-03-02T08:32:09","guid":{"rendered":"https:\/\/bijoux.vamtam.com\/?page_id=30"},"modified":"2026-04-21T23:23:57","modified_gmt":"2026-04-21T23:23:57","slug":"gunluk","status":"publish","type":"page","link":"https:\/\/www.aslidurmaz.com\/index.php\/gunluk\/","title":{"rendered":"G\u00fcnl\u00fck"},"content":{"rendered":"\t\t<div data-elementor-type=\"wp-page\" data-elementor-id=\"30\" class=\"elementor elementor-30\" data-elementor-post-type=\"page\">\n\t\t\t\t\t\t<section class=\"elementor-section elementor-top-section elementor-element elementor-element-e500fed elementor-section-full_width elementor-section-height-min-height elementor-section-items-stretch elementor-section-content-middle elementor-section-height-default\" data-id=\"e500fed\" data-element_type=\"section\" data-e-type=\"section\">\n\t\t\t\t\t\t<div class=\"elementor-container elementor-column-gap-default\">\n\t\t\t\t\t<div class=\"elementor-column elementor-col-100 elementor-top-column elementor-element elementor-element-0e74238\" data-id=\"0e74238\" data-element_type=\"column\" data-e-type=\"column\">\n\t\t\t<div class=\"elementor-widget-wrap elementor-element-populated\">\n\t\t\t\t\t\t\t<\/div>\n\t\t<\/div>\n\t\t\t\t\t<\/div>\n\t\t<\/section>\n\t\t\t\t<section class=\"elementor-section elementor-top-section elementor-element elementor-element-577439e elementor-section-boxed elementor-section-height-default elementor-section-height-default\" data-id=\"577439e\" data-element_type=\"section\" data-e-type=\"section\">\n\t\t\t\t\t\t<div class=\"elementor-container elementor-column-gap-default\">\n\t\t\t\t\t<div class=\"elementor-column elementor-col-100 elementor-top-column elementor-element elementor-element-086171b\" data-id=\"086171b\" data-element_type=\"column\" data-e-type=\"column\">\n\t\t\t<div class=\"elementor-widget-wrap elementor-element-populated\">\n\t\t\t\t\t\t<div class=\"elementor-element elementor-element-118df69 elementor-grid-3 elementor-grid-tablet-2 elementor-grid-mobile-1 elementor-posts--thumbnail-top elementor-widget elementor-widget-posts\" data-id=\"118df69\" data-element_type=\"widget\" data-e-type=\"widget\" data-settings=\"{&quot;classic_row_gap&quot;:{&quot;unit&quot;:&quot;px&quot;,&quot;size&quot;:80,&quot;sizes&quot;:[]},&quot;classic_columns&quot;:&quot;3&quot;,&quot;classic_columns_tablet&quot;:&quot;2&quot;,&quot;classic_columns_mobile&quot;:&quot;1&quot;,&quot;classic_row_gap_tablet&quot;:{&quot;unit&quot;:&quot;px&quot;,&quot;size&quot;:&quot;&quot;,&quot;sizes&quot;:[]},&quot;classic_row_gap_mobile&quot;:{&quot;unit&quot;:&quot;px&quot;,&quot;size&quot;:&quot;&quot;,&quot;sizes&quot;:[]}}\" data-widget_type=\"posts.classic\">\n\t\t\t\t<div class=\"elementor-widget-container\">\n\t\t\t\t\t\t\t<div class=\"elementor-posts-container elementor-posts elementor-posts--skin-classic elementor-grid\" role=\"list\">\n\t\t\t\t<article class=\"elementor-post elementor-grid-item post-1491 post type-post status-publish format-standard has-post-thumbnail hentry category-uncategorized tag-creative tag-inspiration tag-tips\" role=\"listitem\">\n\t\t\t\t<a class=\"elementor-post__thumbnail__link\" href=\"https:\/\/www.aslidurmaz.com\/index.php\/2020\/04\/11\/az-parca-ile-cok-sik-gunluk-kombinlerde-takinin-gucu\/\" tabindex=\"-1\" >\n\t\t\t<div class=\"elementor-post__thumbnail\"><img fetchpriority=\"high\" decoding=\"async\" width=\"1024\" height=\"683\" src=\"https:\/\/www.aslidurmaz.com\/wp-content\/uploads\/2020\/04\/tamara-bellis-nbC4EyCxhb8-unsplash-1-1024x683.jpg\" class=\"attachment-large size-large wp-image-9573\" alt=\"\" srcset=\"https:\/\/www.aslidurmaz.com\/wp-content\/uploads\/2020\/04\/tamara-bellis-nbC4EyCxhb8-unsplash-1-1024x683.jpg 1024w, https:\/\/www.aslidurmaz.com\/wp-content\/uploads\/2020\/04\/tamara-bellis-nbC4EyCxhb8-unsplash-1-420x280.jpg 420w, https:\/\/www.aslidurmaz.com\/wp-content\/uploads\/2020\/04\/tamara-bellis-nbC4EyCxhb8-unsplash-1-630x420.jpg 630w, https:\/\/www.aslidurmaz.com\/wp-content\/uploads\/2020\/04\/tamara-bellis-nbC4EyCxhb8-unsplash-1-300x200.jpg 300w, https:\/\/www.aslidurmaz.com\/wp-content\/uploads\/2020\/04\/tamara-bellis-nbC4EyCxhb8-unsplash-1-768x512.jpg 768w, https:\/\/www.aslidurmaz.com\/wp-content\/uploads\/2020\/04\/tamara-bellis-nbC4EyCxhb8-unsplash-1-840x560.jpg 840w, https:\/\/www.aslidurmaz.com\/wp-content\/uploads\/2020\/04\/tamara-bellis-nbC4EyCxhb8-unsplash-1.jpg 1260w\" sizes=\"(max-width: 1024px) 100vw, 1024px\" \/><\/div>\n\t\t<\/a>\n\t\t\t\t<div class=\"elementor-post__text\">\n\t\t\t\t<h3 class=\"elementor-post__title\">\n\t\t\t<a href=\"https:\/\/www.aslidurmaz.com\/index.php\/2020\/04\/11\/az-parca-ile-cok-sik-gunluk-kombinlerde-takinin-gucu\/\" >\n\t\t\t\tAz Par\u00e7a ile \u00c7ok \u015e\u0131k: G\u00fcnl\u00fck Kombinlerde Tak\u0131n\u0131n G\u00fcc\u00fc\t\t\t<\/a>\n\t\t<\/h3>\n\t\t\t\t<div class=\"elementor-post__excerpt\">\n\t\t\t<p>G\u00fcnl\u00fck hayatta \u015f\u0131k g\u00f6r\u00fcnmek i\u00e7in her zaman fazla par\u00e7aya ihtiyac\u0131n yok. Do\u011fru se\u00e7ilmi\u015f birka\u00e7 tak\u0131, en sade kombini bile bir \u00fcst seviyeye ta\u015f\u0131yabilir. \u00d6zellikle minimal<\/p>\n\t\t<\/div>\n\t\t\t\t<\/div>\n\t\t\t\t<\/article>\n\t\t\t\t<article class=\"elementor-post elementor-grid-item post-1487 post type-post status-publish format-standard has-post-thumbnail hentry category-uncategorized\" role=\"listitem\">\n\t\t\t\t<a class=\"elementor-post__thumbnail__link\" href=\"https:\/\/www.aslidurmaz.com\/index.php\/2020\/04\/11\/taki-secerken-en-cok-yapilan-5-hata-ve-dogrusu-ne\/\" tabindex=\"-1\" >\n\t\t\t<div class=\"elementor-post__thumbnail\"><img decoding=\"async\" width=\"1024\" height=\"630\" src=\"https:\/\/www.aslidurmaz.com\/wp-content\/uploads\/2020\/04\/brooke-cagle-kElEigko7PU-unsplash-1024x630.jpg\" class=\"attachment-large size-large wp-image-1488\" alt=\"\" srcset=\"https:\/\/www.aslidurmaz.com\/wp-content\/uploads\/2020\/04\/brooke-cagle-kElEigko7PU-unsplash-1024x630.jpg 1024w, https:\/\/www.aslidurmaz.com\/wp-content\/uploads\/2020\/04\/brooke-cagle-kElEigko7PU-unsplash-420x258.jpg 420w, https:\/\/www.aslidurmaz.com\/wp-content\/uploads\/2020\/04\/brooke-cagle-kElEigko7PU-unsplash-630x388.jpg 630w, https:\/\/www.aslidurmaz.com\/wp-content\/uploads\/2020\/04\/brooke-cagle-kElEigko7PU-unsplash-300x185.jpg 300w, https:\/\/www.aslidurmaz.com\/wp-content\/uploads\/2020\/04\/brooke-cagle-kElEigko7PU-unsplash-768x473.jpg 768w, https:\/\/www.aslidurmaz.com\/wp-content\/uploads\/2020\/04\/brooke-cagle-kElEigko7PU-unsplash-840x517.jpg 840w, https:\/\/www.aslidurmaz.com\/wp-content\/uploads\/2020\/04\/brooke-cagle-kElEigko7PU-unsplash-1260x775.jpg 1260w, https:\/\/www.aslidurmaz.com\/wp-content\/uploads\/2020\/04\/brooke-cagle-kElEigko7PU-unsplash.jpg 1300w\" sizes=\"(max-width: 1024px) 100vw, 1024px\" \/><\/div>\n\t\t<\/a>\n\t\t\t\t<div class=\"elementor-post__text\">\n\t\t\t\t<h3 class=\"elementor-post__title\">\n\t\t\t<a href=\"https:\/\/www.aslidurmaz.com\/index.php\/2020\/04\/11\/taki-secerken-en-cok-yapilan-5-hata-ve-dogrusu-ne\/\" >\n\t\t\t\tTak\u0131 Se\u00e7erken En \u00c7ok Yap\u0131lan 5 Hata (Ve Do\u011frusu Ne?)\t\t\t<\/a>\n\t\t<\/h3>\n\t\t\t\t<div class=\"elementor-post__excerpt\">\n\t\t\t<p>Tak\u0131 se\u00e7imi basit gibi g\u00f6r\u00fcnse de asl\u0131nda stilin en kritik detaylar\u0131ndan biridir. Yanl\u0131\u015f se\u00e7imler, en iyi kombini bile g\u00f6lgeleyebilir. En s\u0131k yap\u0131lan hata, her \u015feyi<\/p>\n\t\t<\/div>\n\t\t\t\t<\/div>\n\t\t\t\t<\/article>\n\t\t\t\t<article class=\"elementor-post elementor-grid-item post-1483 post type-post status-publish format-standard has-post-thumbnail hentry category-uncategorized\" role=\"listitem\">\n\t\t\t\t<a class=\"elementor-post__thumbnail__link\" href=\"https:\/\/www.aslidurmaz.com\/index.php\/2020\/04\/11\/minimal-taki-nedir-gercekten-kimlere-yakisir\/\" tabindex=\"-1\" >\n\t\t\t<div class=\"elementor-post__thumbnail\"><img decoding=\"async\" width=\"1024\" height=\"630\" src=\"https:\/\/www.aslidurmaz.com\/wp-content\/uploads\/2020\/04\/rashid-khreiss-My2R_GyYnvg-unsplash-1024x630.jpg\" class=\"attachment-large size-large wp-image-1485\" alt=\"\" srcset=\"https:\/\/www.aslidurmaz.com\/wp-content\/uploads\/2020\/04\/rashid-khreiss-My2R_GyYnvg-unsplash-1024x630.jpg 1024w, https:\/\/www.aslidurmaz.com\/wp-content\/uploads\/2020\/04\/rashid-khreiss-My2R_GyYnvg-unsplash-420x258.jpg 420w, https:\/\/www.aslidurmaz.com\/wp-content\/uploads\/2020\/04\/rashid-khreiss-My2R_GyYnvg-unsplash-630x388.jpg 630w, https:\/\/www.aslidurmaz.com\/wp-content\/uploads\/2020\/04\/rashid-khreiss-My2R_GyYnvg-unsplash-300x185.jpg 300w, https:\/\/www.aslidurmaz.com\/wp-content\/uploads\/2020\/04\/rashid-khreiss-My2R_GyYnvg-unsplash-768x473.jpg 768w, https:\/\/www.aslidurmaz.com\/wp-content\/uploads\/2020\/04\/rashid-khreiss-My2R_GyYnvg-unsplash-840x517.jpg 840w, https:\/\/www.aslidurmaz.com\/wp-content\/uploads\/2020\/04\/rashid-khreiss-My2R_GyYnvg-unsplash-1260x775.jpg 1260w, https:\/\/www.aslidurmaz.com\/wp-content\/uploads\/2020\/04\/rashid-khreiss-My2R_GyYnvg-unsplash.jpg 1300w\" sizes=\"(max-width: 1024px) 100vw, 1024px\" \/><\/div>\n\t\t<\/a>\n\t\t\t\t<div class=\"elementor-post__text\">\n\t\t\t\t<h3 class=\"elementor-post__title\">\n\t\t\t<a href=\"https:\/\/www.aslidurmaz.com\/index.php\/2020\/04\/11\/minimal-taki-nedir-gercekten-kimlere-yakisir\/\" >\n\t\t\t\tMinimal Tak\u0131 Nedir? Ger\u00e7ekten Kimlere Yak\u0131\u015f\u0131r?\t\t\t<\/a>\n\t\t<\/h3>\n\t\t\t\t<div class=\"elementor-post__excerpt\">\n\t\t\t<p>Minimal tak\u0131, sadece \u201ck\u00fc\u00e7\u00fck\u201d tak\u0131 demek de\u011fildir. Asl\u0131nda bu bir stil anlay\u0131\u015f\u0131d\u0131r. Temiz \u00e7izgiler, sade detaylar ve zamans\u0131z tasar\u0131mlar\u2026 Minimal tak\u0131lar, modaya ba\u011fl\u0131 kalmadan her<\/p>\n\t\t<\/div>\n\t\t\t\t<\/div>\n\t\t\t\t<\/article>\n\t\t\t\t<article class=\"elementor-post elementor-grid-item post-1479 post type-post status-publish format-standard has-post-thumbnail hentry category-uncategorized\" role=\"listitem\">\n\t\t\t\t<a class=\"elementor-post__thumbnail__link\" href=\"https:\/\/www.aslidurmaz.com\/index.php\/2020\/04\/11\/ayni-takiyi-farkli-sekillerde-kullanmanin-6-yolu\/\" tabindex=\"-1\" >\n\t\t\t<div class=\"elementor-post__thumbnail\"><img loading=\"lazy\" decoding=\"async\" width=\"706\" height=\"1024\" src=\"https:\/\/www.aslidurmaz.com\/wp-content\/uploads\/2020\/04\/carmen-lopez-oeFneUxJya4-unsplash-706x1024.jpg\" class=\"attachment-large size-large wp-image-1216\" alt=\"\" srcset=\"https:\/\/www.aslidurmaz.com\/wp-content\/uploads\/2020\/04\/carmen-lopez-oeFneUxJya4-unsplash-706x1024.jpg 706w, https:\/\/www.aslidurmaz.com\/wp-content\/uploads\/2020\/04\/carmen-lopez-oeFneUxJya4-unsplash-420x609.jpg 420w, https:\/\/www.aslidurmaz.com\/wp-content\/uploads\/2020\/04\/carmen-lopez-oeFneUxJya4-unsplash-630x914.jpg 630w, https:\/\/www.aslidurmaz.com\/wp-content\/uploads\/2020\/04\/carmen-lopez-oeFneUxJya4-unsplash-207x300.jpg 207w, https:\/\/www.aslidurmaz.com\/wp-content\/uploads\/2020\/04\/carmen-lopez-oeFneUxJya4-unsplash-768x1114.jpg 768w, https:\/\/www.aslidurmaz.com\/wp-content\/uploads\/2020\/04\/carmen-lopez-oeFneUxJya4-unsplash.jpg 800w\" sizes=\"(max-width: 706px) 100vw, 706px\" \/><\/div>\n\t\t<\/a>\n\t\t\t\t<div class=\"elementor-post__text\">\n\t\t\t\t<h3 class=\"elementor-post__title\">\n\t\t\t<a href=\"https:\/\/www.aslidurmaz.com\/index.php\/2020\/04\/11\/ayni-takiyi-farkli-sekillerde-kullanmanin-6-yolu\/\" >\n\t\t\t\tAyn\u0131 Tak\u0131y\u0131 Farkl\u0131 \u015eekillerde Kullanman\u0131n 6 Yolu\t\t\t<\/a>\n\t\t<\/h3>\n\t\t\t\t<div class=\"elementor-post__excerpt\">\n\t\t\t<p>\u0130yi bir tak\u0131, sadece tek bir \u015fekilde kullan\u0131lmaz. Do\u011fru kombinlerle farkl\u0131 g\u00f6r\u00fcn\u00fcmler elde edebilirsin. \u00d6rne\u011fin ince bir kolyeyi tek ba\u015f\u0131na kullanmak yerine, farkl\u0131 uzunlukta kolyelerle<\/p>\n\t\t<\/div>\n\t\t\t\t<\/div>\n\t\t\t\t<\/article>\n\t\t\t\t<article class=\"elementor-post elementor-grid-item post-1475 post type-post status-publish format-standard has-post-thumbnail hentry category-uncategorized\" role=\"listitem\">\n\t\t\t\t<a class=\"elementor-post__thumbnail__link\" href=\"https:\/\/www.aslidurmaz.com\/index.php\/2020\/04\/11\/gunluk-stilini-yukselten-kucuk-dokunuslar\/\" tabindex=\"-1\" >\n\t\t\t<div class=\"elementor-post__thumbnail\"><img loading=\"lazy\" decoding=\"async\" width=\"1024\" height=\"630\" src=\"https:\/\/www.aslidurmaz.com\/wp-content\/uploads\/2020\/04\/wu-yi-1eLUs_frRpU-unsplash-1024x630.jpg\" class=\"attachment-large size-large wp-image-1492\" alt=\"\" srcset=\"https:\/\/www.aslidurmaz.com\/wp-content\/uploads\/2020\/04\/wu-yi-1eLUs_frRpU-unsplash-1024x630.jpg 1024w, https:\/\/www.aslidurmaz.com\/wp-content\/uploads\/2020\/04\/wu-yi-1eLUs_frRpU-unsplash-420x258.jpg 420w, https:\/\/www.aslidurmaz.com\/wp-content\/uploads\/2020\/04\/wu-yi-1eLUs_frRpU-unsplash-630x388.jpg 630w, https:\/\/www.aslidurmaz.com\/wp-content\/uploads\/2020\/04\/wu-yi-1eLUs_frRpU-unsplash-300x185.jpg 300w, https:\/\/www.aslidurmaz.com\/wp-content\/uploads\/2020\/04\/wu-yi-1eLUs_frRpU-unsplash-768x473.jpg 768w, https:\/\/www.aslidurmaz.com\/wp-content\/uploads\/2020\/04\/wu-yi-1eLUs_frRpU-unsplash-840x517.jpg 840w, https:\/\/www.aslidurmaz.com\/wp-content\/uploads\/2020\/04\/wu-yi-1eLUs_frRpU-unsplash-1260x775.jpg 1260w, https:\/\/www.aslidurmaz.com\/wp-content\/uploads\/2020\/04\/wu-yi-1eLUs_frRpU-unsplash.jpg 1300w\" sizes=\"(max-width: 1024px) 100vw, 1024px\" \/><\/div>\n\t\t<\/a>\n\t\t\t\t<div class=\"elementor-post__text\">\n\t\t\t\t<h3 class=\"elementor-post__title\">\n\t\t\t<a href=\"https:\/\/www.aslidurmaz.com\/index.php\/2020\/04\/11\/gunluk-stilini-yukselten-kucuk-dokunuslar\/\" >\n\t\t\t\tG\u00fcnl\u00fck Stilini Y\u00fckselten K\u00fc\u00e7\u00fck Dokunu\u015flar\t\t\t<\/a>\n\t\t<\/h3>\n\t\t\t\t<div class=\"elementor-post__excerpt\">\n\t\t\t<p>Stil asl\u0131nda b\u00fcy\u00fck de\u011fi\u015fikliklerden de\u011fil, k\u00fc\u00e7\u00fck dokunu\u015flardan olu\u015fur. Bazen sadece bir y\u00fcz\u00fck, bazen ince bir zincir kolye\u2026 Kombinin havas\u0131n\u0131 tamamen de\u011fi\u015ftirebilir. \u00d6zellikle sade giyinmeyi sevenler<\/p>\n\t\t<\/div>\n\t\t\t\t<\/div>\n\t\t\t\t<\/article>\n\t\t\t\t<article class=\"elementor-post elementor-grid-item post-1434 post type-post status-publish format-standard has-post-thumbnail hentry category-uncategorized\" role=\"listitem\">\n\t\t\t\t<a class=\"elementor-post__thumbnail__link\" href=\"https:\/\/www.aslidurmaz.com\/index.php\/2020\/04\/11\/taki-secimi-ruh-halini-nasil-degistirir\/\" tabindex=\"-1\" >\n\t\t\t<div class=\"elementor-post__thumbnail\"><img loading=\"lazy\" decoding=\"async\" width=\"1024\" height=\"763\" src=\"https:\/\/www.aslidurmaz.com\/wp-content\/uploads\/2020\/09\/image_68_v2-1024x763.jpg\" class=\"attachment-large size-large wp-image-3703\" alt=\"\" srcset=\"https:\/\/www.aslidurmaz.com\/wp-content\/uploads\/2020\/09\/image_68_v2-1024x763.jpg 1024w, https:\/\/www.aslidurmaz.com\/wp-content\/uploads\/2020\/09\/image_68_v2-420x313.jpg 420w, https:\/\/www.aslidurmaz.com\/wp-content\/uploads\/2020\/09\/image_68_v2-630x470.jpg 630w, https:\/\/www.aslidurmaz.com\/wp-content\/uploads\/2020\/09\/image_68_v2-300x224.jpg 300w, https:\/\/www.aslidurmaz.com\/wp-content\/uploads\/2020\/09\/image_68_v2-768x573.jpg 768w, https:\/\/www.aslidurmaz.com\/wp-content\/uploads\/2020\/09\/image_68_v2-840x626.jpg 840w, https:\/\/www.aslidurmaz.com\/wp-content\/uploads\/2020\/09\/image_68_v2.jpg 1226w\" sizes=\"(max-width: 1024px) 100vw, 1024px\" \/><\/div>\n\t\t<\/a>\n\t\t\t\t<div class=\"elementor-post__text\">\n\t\t\t\t<h3 class=\"elementor-post__title\">\n\t\t\t<a href=\"https:\/\/www.aslidurmaz.com\/index.php\/2020\/04\/11\/taki-secimi-ruh-halini-nasil-degistirir\/\" >\n\t\t\t\tTak\u0131 Se\u00e7imi Ruh Halini Nas\u0131l De\u011fi\u015ftirir?\t\t\t<\/a>\n\t\t<\/h3>\n\t\t\t\t<div class=\"elementor-post__excerpt\">\n\t\t\t<p>Tak\u0131lar sadece d\u0131\u015f g\u00f6r\u00fcn\u00fc\u015f\u00fc de\u011fil, ruh halini de etkiler. Sevdi\u011fin bir par\u00e7ay\u0131 takt\u0131\u011f\u0131nda kendini daha iyi hissetmen tesad\u00fcf de\u011fil. \u00c7\u00fcnk\u00fc stil, asl\u0131nda bir ifade bi\u00e7imi.<\/p>\n\t\t<\/div>\n\t\t\t\t<\/div>\n\t\t\t\t<\/article>\n\t\t\t\t<\/div>\n\t\t\n\t\t\t\t\t\t<\/div>\n\t\t\t\t<\/div>\n\t\t\t\t\t<\/div>\n\t\t<\/div>\n\t\t\t\t\t<\/div>\n\t\t<\/section>\n\t\t\t\t<\/div>\n\t\t","protected":false},"excerpt":{"rendered":"","protected":false},"author":1,"featured_media":0,"parent":0,"menu_order":0,"comment_status":"closed","ping_status":"closed","template":"","meta":{"footnotes":""},"class_list":["post-30","page","type-page","status-publish","hentry"],"_links":{"self":[{"href":"https:\/\/www.aslidurmaz.com\/index.php\/wp-json\/wp\/v2\/pages\/30","targetHints":{"allow":["GET"]}}],"collection":[{"href":"https:\/\/www.aslidurmaz.com\/index.php\/wp-json\/wp\/v2\/pages"}],"about":[{"href":"https:\/\/www.aslidurmaz.com\/index.php\/wp-json\/wp\/v2\/types\/page"}],"author":[{"embeddable":true,"href":"https:\/\/www.aslidurmaz.com\/index.php\/wp-json\/wp\/v2\/users\/1"}],"replies":[{"embeddable":true,"href":"https:\/\/www.aslidurmaz.com\/index.php\/wp-json\/wp\/v2\/comments?post=30"}],"version-history":[{"count":1,"href":"https:\/\/www.aslidurmaz.com\/index.php\/wp-json\/wp\/v2\/pages\/30\/revisions"}],"predecessor-version":[{"id":987794,"href":"https:\/\/www.aslidurmaz.com\/index.php\/wp-json\/wp\/v2\/pages\/30\/revisions\/987794"}],"wp:attachment":[{"href":"https:\/\/www.aslidurmaz.com\/index.php\/wp-json\/wp\/v2\/media?parent=30"}],"curies":[{"name":"wp","href":"https:\/\/api.w.org\/{rel}","templated":true}]}}